{"id":1285,"date":"2021-11-09T19:15:23","date_gmt":"2021-11-10T00:15:23","guid":{"rendered":"https:\/\/www.caliberhealthplus.com\/?page_id=1285"},"modified":"2021-12-28T22:11:50","modified_gmt":"2021-12-29T03:11:50","slug":"empleos-servicios-cuidado-medico-en-hogar-rutherford-nj","status":"publish","type":"page","link":"https:\/\/www.caliberhealthplus.com\/es\/carreras\/empleos-servicios-cuidado-medico-en-hogar-rutherford-nj\/","title":{"rendered":"Empleo de servicios de cuidado medico en el hogar por horas en Rutherford NJ"},"content":{"rendered":"<h1 style=\"text-align: center;\">Empleos de servicios de cuidado medico en el hogar por horas en Rutherford NJ<\/h1>\n<p>Caliber Home Health Care es parte de la industria de mayor crecimiento en la naci\u00f3n y estamos buscando los mejores candidatos para servicios de cuidado m\u00e9dico en el hogar por horas para que formen parte de nuestro equipo en expansi\u00f3n en Rutherford NJ.Nuestra visi\u00f3n es \u201cNo abandonar a nadie que necesita cuidados\u201d y con este fin, trabajamos en conjunto para mejorar los est\u00e1ndares del cuidado domiciliar para adultos, adolescentes y ni\u00f1os. Como compa\u00f1\u00eda, nos atenemos a las mejores pr\u00e1cticas comerciales y apoyamos el desarrollo profesional de nuestros empleados y les damos la oportunidad de ser parte de una causa muy necesaria. Este fuerte compromiso hacia nuestra gente nos ha ayudado a convertirnos en un proveedor l\u00edder de atenci\u00f3n no m\u00e9dica domiciliaria para personas de la tercera edad.<\/p>\n<h2 style=\"text-align: center;\">Servicios de cuidado medico en el hogar por horas en Rutherford NJ<\/h2>\n<h2 style=\"\">Descripcion del Empleo:<\/h2>\n<p>\u200bTienes pasion por ayudar a otros?Te gustaria tener una carrera que cumpla con tu anhelo de hacer un cambio?En Caliber Health Plus, contratamos Servicios de cuidado medico en el hogar por horas en Rutherford, NJ\u200b para enriquecer la vida de otros mientras les proveemos cuidado en su hogar. Damos un servicio personalizado y de calidad a la vez que nos esforzamos por otorgar tranquilidad y alegria a todos a quienes servimos.Posiciones disponibles a tiempo completo y por horas en \u200bRutherford, NJ.Posiciones disponibles para asistentes con y sin experiencia.<\/p>\n<h2 style=\"\">Beneficios:<\/h2>\n<p>\u200b40 horas de tiempo libre subsidiado$200 bono inicioSalario competitivoHorario flexiblesAcceso mobile a turnosEquipo de proteccionDeposito directoPersonal de Apoyo<\/p>\n<h2 style=\"\">Requisitos:<\/h2>\n<p>\u200b6 horas10 horas12 horas15 horas18 horas<\/p>\n<h2 style=\"\">Ubicacion:<\/h2>\n<p>\u200bRutherford, NJ<\/p>\n<p style=\"text-align: center;\">Tambien hay trabajos en:<\/p>\n<h2 style=\"\">Aplicar Ahora<\/h2>\n<p>Env\u00ede su curr\u00edculum a Caliber Health Plus y nos comunicaremos con usted si tenemos un puesto disponible.<\/p>\n<script type=\"text\/javascript\">var gform;gform||(document.addEventListener(\"gform_main_scripts_loaded\",function(){gform.scriptsLoaded=!0}),document.addEventListener(\"gform\/theme\/scripts_loaded\",function(){gform.themeScriptsLoaded=!0}),window.addEventListener(\"DOMContentLoaded\",function(){gform.domLoaded=!0}),gform={domLoaded:!1,scriptsLoaded:!1,themeScriptsLoaded:!1,isFormEditor:()=>\"function\"==typeof InitializeEditor,callIfLoaded:function(o){return!(!gform.domLoaded||!gform.scriptsLoaded||!gform.themeScriptsLoaded&&!gform.isFormEditor()||(gform.isFormEditor()&&console.warn(\"The use of gform.initializeOnLoaded() is deprecated in the form editor context and will be removed in Gravity Forms 3.1.\"),o(),0))},initializeOnLoaded:function(o){gform.callIfLoaded(o)||(document.addEventListener(\"gform_main_scripts_loaded\",()=>{gform.scriptsLoaded=!0,gform.callIfLoaded(o)}),document.addEventListener(\"gform\/theme\/scripts_loaded\",()=>{gform.themeScriptsLoaded=!0,gform.callIfLoaded(o)}),window.addEventListener(\"DOMContentLoaded\",()=>{gform.domLoaded=!0,gform.callIfLoaded(o)}))},hooks:{action:{},filter:{}},addAction:function(o,r,e,t){gform.addHook(\"action\",o,r,e,t)},addFilter:function(o,r,e,t){gform.addHook(\"filter\",o,r,e,t)},doAction:function(o){gform.doHook(\"action\",o,arguments)},applyFilters:function(o){return gform.doHook(\"filter\",o,arguments)},removeAction:function(o,r){gform.removeHook(\"action\",o,r)},removeFilter:function(o,r,e){gform.removeHook(\"filter\",o,r,e)},addHook:function(o,r,e,t,n){null==gform.hooks[o][r]&&(gform.hooks[o][r]=[]);var d=gform.hooks[o][r];null==n&&(n=r+\"_\"+d.length),gform.hooks[o][r].push({tag:n,callable:e,priority:t=null==t?10:t})},doHook:function(r,o,e){var t;if(e=Array.prototype.slice.call(e,1),null!=gform.hooks[r][o]&&((o=gform.hooks[r][o]).sort(function(o,r){return o.priority-r.priority}),o.forEach(function(o){\"function\"!=typeof(t=o.callable)&&(t=window[t]),\"action\"==r?t.apply(null,e):e[0]=t.apply(null,e)})),\"filter\"==r)return e[0]},removeHook:function(o,r,t,n){var e;null!=gform.hooks[o][r]&&(e=(e=gform.hooks[o][r]).filter(function(o,r,e){return!!(null!=n&&n!=o.tag||null!=t&&t!=o.priority)}),gform.hooks[o][r]=e)}});<\/script>\n                <div class='gf_browser_gecko gform_wrapper gform_legacy_markup_wrapper gform-theme--no-framework' data-form-theme='legacy' data-form-index='0' id='gform_wrapper_2' style='display:none'><form method='post' enctype='multipart\/form-data'  id='gform_2'  action='\/es\/wp-json\/wp\/v2\/pages\/1285' data-formid='2' novalidate>\n                        <div class='gform-body gform_body'><ul id='gform_fields_2' class='gform_fields top_label form_sublabel_below description_below validation_below'><li id=\"field_2_1\" class=\"gfield gfield--type-text gf_left_half gfield_contains_required field_sublabel_below gfield--no-description field_description_below field_validation_below gfield_visibility_visible\"  data-js-reload=\"field_2_1\" ><label class='gfield_label gform-field-label' for='input_2_1'>Nombre<span class=\"gfield_required\"><span class=\"gfield_required gfield_required_asterisk\">*<\/span><\/span><\/label><div class='ginput_container ginput_container_text'><input name='input_1' id='input_2_1' type='text' value='' class='medium'    placeholder='Nombre' aria-required=\"true\" aria-invalid=\"false\"   \/><\/div><\/li><li id=\"field_2_2\" class=\"gfield gfield--type-email gf_right_half gfield_contains_required field_sublabel_below gfield--no-description field_description_below field_validation_below gfield_visibility_visible\"  data-js-reload=\"field_2_2\" ><label class='gfield_label gform-field-label' for='input_2_2'>Email<span class=\"gfield_required\"><span class=\"gfield_required gfield_required_asterisk\">*<\/span><\/span><\/label><div class='ginput_container ginput_container_email'>\n                            <input name='input_2' id='input_2_2' type='email' value='' class='medium'   placeholder='Email' aria-required=\"true\" aria-invalid=\"false\"  \/>\n                        <\/div><\/li><li id=\"field_2_3\" class=\"gfield gfield--type-phone gf_left_half field_sublabel_below gfield--no-description field_description_below field_validation_below gfield_visibility_visible\"  data-js-reload=\"field_2_3\" ><label class='gfield_label gform-field-label' for='input_2_3'>Tel\u00e9fono<\/label><div class='ginput_container ginput_container_phone'><input name='input_3' id='input_2_3' type='tel' value='' class='medium'  placeholder='Tel\u00e9fono'  aria-invalid=\"false\"   \/><\/div><\/li><li id=\"field_2_4\" class=\"gfield gfield--type-text gf_right_half gfield_contains_required field_sublabel_below gfield--no-description field_description_below field_validation_below gfield_visibility_visible\"  data-js-reload=\"field_2_4\" ><label class='gfield_label gform-field-label' for='input_2_4'>Posici\u00f3n<span class=\"gfield_required\"><span class=\"gfield_required gfield_required_asterisk\">*<\/span><\/span><\/label><div class='ginput_container ginput_container_text'><input name='input_4' id='input_2_4' type='text' value='' class='medium'    placeholder='Posici\u00f3n' aria-required=\"true\" aria-invalid=\"false\"   \/><\/div><\/li><li id=\"field_2_5\" class=\"gfield gfield--type-fileupload field_sublabel_below gfield--no-description field_description_below hidden_label field_validation_below gfield_visibility_visible\"  data-js-reload=\"field_2_5\" ><label class='gfield_label gform-field-label' for='gform_browse_button_2_5'>Subir archivo<\/label><div class='ginput_container ginput_container_fileupload'><div id='gform_multifile_upload_2_5' data-settings='{&quot;runtimes&quot;:&quot;html5,flash,html4&quot;,&quot;browse_button&quot;:&quot;gform_browse_button_2_5&quot;,&quot;container&quot;:&quot;gform_multifile_upload_2_5&quot;,&quot;drop_element&quot;:&quot;gform_drag_drop_area_2_5&quot;,&quot;filelist&quot;:&quot;gform_preview_2_5&quot;,&quot;unique_names&quot;:true,&quot;file_data_name&quot;:&quot;file&quot;,&quot;url&quot;:&quot;https:\\\/\\\/www.caliberhealthplus.com\\\/es\\\/?gf_page=0ac9f06cc09bfce&quot;,&quot;flash_swf_url&quot;:&quot;https:\\\/\\\/www.caliberhealthplus.com\\\/wp-includes\\\/js\\\/plupload\\\/plupload.flash.swf&quot;,&quot;silverlight_xap_url&quot;:&quot;https:\\\/\\\/www.caliberhealthplus.com\\\/wp-includes\\\/js\\\/plupload\\\/plupload.silverlight.xap&quot;,&quot;filters&quot;:{&quot;mime_types&quot;:[{&quot;title&quot;:&quot;Archivos permitidos&quot;,&quot;extensions&quot;:&quot;*&quot;}],&quot;max_file_size&quot;:&quot;52428800b&quot;},&quot;multipart&quot;:true,&quot;urlstream_upload&quot;:false,&quot;multipart_params&quot;:{&quot;form_id&quot;:2,&quot;field_id&quot;:5},&quot;gf_vars&quot;:{&quot;max_files&quot;:0,&quot;message_id&quot;:&quot;gform_multifile_messages_2_5&quot;,&quot;disallowed_extensions&quot;:[&quot;php&quot;,&quot;asp&quot;,&quot;aspx&quot;,&quot;cmd&quot;,&quot;csh&quot;,&quot;bat&quot;,&quot;html&quot;,&quot;htm&quot;,&quot;hta&quot;,&quot;jar&quot;,&quot;exe&quot;,&quot;com&quot;,&quot;js&quot;,&quot;lnk&quot;,&quot;htaccess&quot;,&quot;phtml&quot;,&quot;ps1&quot;,&quot;ps2&quot;,&quot;php3&quot;,&quot;php4&quot;,&quot;php5&quot;,&quot;php6&quot;,&quot;py&quot;,&quot;rb&quot;,&quot;tmp&quot;]}}' class='gform_fileupload_multifile'>\n\t\t\t\t\t\t\t\t\t\t<div id='gform_drag_drop_area_2_5' class='gform_drop_area gform-theme-field-control'>\n\t\t\t\t\t\t\t\t\t\t\t<span class='gform_drop_instructions'>Suelta archivos aqu\u00ed o <\/span>\n\t\t\t\t\t\t\t\t\t\t\t<button type='button' id='gform_browse_button_2_5' class='button gform_button_select_files gform-theme-button gform-theme-button--control' aria-describedby=\"gfield_upload_rules_2_5\"  >Selecciona archivos<\/button>\n\t\t\t\t\t\t\t\t\t\t<\/div>\n\t\t\t\t\t\t\t\t\t<\/div><span class='gfield_description gform_fileupload_rules' id='gfield_upload_rules_2_5'>Tama\u00f1o m\u00e1ximo de archivo: 50 MB.<\/span><ul class='validation_message--hidden-on-empty gform-ul-reset' id='gform_multifile_messages_2_5'><\/ul> <!-- Leave <ul> empty to support CSS :empty selector. --><\/div><div id='gform_preview_2_5' class='ginput_preview_list'><\/div><\/li><li id=\"field_2_6\" class=\"gfield gfield--type-textarea gfield_contains_required field_sublabel_below gfield--no-description field_description_below field_validation_below gfield_visibility_visible\"  data-js-reload=\"field_2_6\" ><label class='gfield_label gform-field-label' for='input_2_6'>Mensaje<span class=\"gfield_required\"><span class=\"gfield_required gfield_required_asterisk\">*<\/span><\/span><\/label><div class='ginput_container ginput_container_textarea'><textarea name='input_6' id='input_2_6' class='textarea medium'    placeholder='Mensaje' aria-required=\"true\" aria-invalid=\"false\"   rows='10' cols='50'><\/textarea><\/div><\/li><li id=\"field_2_7\" class=\"gfield gfield--type-text gfield_contains_required field_sublabel_below gfield--no-description field_description_below field_validation_below gfield_visibility_visible\"  data-js-reload=\"field_2_7\" ><label class='gfield_label gform-field-label' for='input_2_7'>7 + 3 =<span class=\"gfield_required\"><span class=\"gfield_required gfield_required_asterisk\">*<\/span><\/span><\/label><div class='ginput_container ginput_container_text'><input name='input_7' id='input_2_7' type='text' value='' class='medium'    placeholder='7 + 3 =' aria-required=\"true\" aria-invalid=\"false\"   \/><\/div><\/li><li id=\"field_2_8\" class=\"gfield gfield--type-captcha field_sublabel_below gfield--no-description field_description_below field_validation_below gfield_visibility_visible\"  data-js-reload=\"field_2_8\" ><label class='gfield_label gform-field-label' for='input_2_8'>CAPTCHA<\/label><div id='input_2_8' class='ginput_container ginput_recaptcha' data-sitekey='6Ld7QwYbAAAAAArdXp2-VkxTd8WT2o-as1pnwU7B'  data-theme='light' data-tabindex='0'  data-badge=''><\/div><\/li><li id=\"field_2_9\" class=\"gfield gfield--type-html gfield--width-full gfield_html gfield_html_formatted gfield_no_follows_desc field_sublabel_below gfield--no-description field_description_below field_validation_below gfield_visibility_visible\"  data-js-reload=\"field_2_9\" >Complete all the required fields and confirm you are not a robot to reveal the send button<\/li><li id=\"field_2_10\" class=\"gfield gfield--type-honeypot gform_validation_container field_sublabel_below gfield--has-description field_description_below field_validation_below gfield_visibility_visible\"  data-js-reload=\"field_2_10\" ><label class='gfield_label gform-field-label' for='input_2_10'>Name<\/label><div class='ginput_container'><input name='input_10' id='input_2_10' type='text' value='' autocomplete='new-password'\/><\/div><div class='gfield_description' id='gfield_description_2_10'>Este campo es un campo de validaci\u00f3n y debe quedar sin cambios.<\/div><\/li><\/ul><\/div>\n        <div class='gform-footer gform_footer top_label'> <input type='submit' id='gform_submit_button_2' class='gform_button button' onclick='gform.submission.handleButtonClick(this);' value='ENVIAR MENSAJE'  \/> \n            <input type='hidden' class='gform_hidden' name='gform_submission_method' data-js='gform_submission_method_2' value='postback' \/>\n            <input type='hidden' class='gform_hidden' name='gform_theme' data-js='gform_theme_2' id='gform_theme_2' value='legacy' \/>\n            <input type='hidden' class='gform_hidden' name='gform_style_settings' data-js='gform_style_settings_2' id='gform_style_settings_2' value='' \/>\n            <input type='hidden' class='gform_hidden' name='is_submit_2' value='1' \/>\n            <input type='hidden' class='gform_hidden' name='gform_submit' value='2' \/>\n            \n            <input type='hidden' class='gform_hidden' name='gform_unique_id' value='' \/>\n            <input type='hidden' class='gform_hidden' name='state_2' value='WyJbXSIsImFiMWRhOWNlM2FmMjc5MzQ2NjkzYmQ1ZjgwNmE5Yzc5Il0=' \/>\n            <input type='hidden' autocomplete='off' class='gform_hidden' name='gform_target_page_number_2' id='gform_target_page_number_2' value='0' \/>\n            <input type='hidden' autocomplete='off' class='gform_hidden' name='gform_source_page_number_2' id='gform_source_page_number_2' value='1' \/>\n            <input type='hidden' name='gform_field_values' value='' \/>\n            <input type='hidden' name='gform_uploaded_files' id='gform_uploaded_files_2' value='' \/>\n        <\/div>\n                        <p style=\"display: none !important;\" class=\"akismet-fields-container\" data-prefix=\"ak_\"><label>&#916;<textarea name=\"ak_hp_textarea\" cols=\"45\" rows=\"8\" maxlength=\"100\"><\/textarea><\/label><input type=\"hidden\" id=\"ak_js_1\" name=\"ak_js\" value=\"130\"\/><script>document.getElementById( \"ak_js_1\" ).setAttribute( \"value\", ( new Date() ).getTime() );<\/script><\/p><\/form>\n                        <\/div><script type=\"text\/javascript\">\n\/* <![CDATA[ *\/\n gform.initializeOnLoaded( function() {gformInitSpinner( 2, 'https:\/\/www.caliberhealthplus.com\/wp-content\/plugins\/gravityforms\/images\/spinner.svg', true );jQuery('#gform_ajax_frame_2').on('load',function(){var contents = jQuery(this).contents().find('*').html();var is_postback = contents.indexOf('GF_AJAX_POSTBACK') >= 0;if(!is_postback){return;}var form_content = jQuery(this).contents().find('#gform_wrapper_2');var is_confirmation = jQuery(this).contents().find('#gform_confirmation_wrapper_2').length > 0;var is_redirect = contents.indexOf('gformRedirect(){') >= 0;var is_form = form_content.length > 0 && ! is_redirect && ! is_confirmation;var mt = parseInt(jQuery('html').css('margin-top'), 10) + parseInt(jQuery('body').css('margin-top'), 10) + 100;if(is_form){form_content.find('form').css('opacity', 0);jQuery('#gform_wrapper_2').html(form_content.html());if(form_content.hasClass('gform_validation_error')){jQuery('#gform_wrapper_2').addClass('gform_validation_error');} else {jQuery('#gform_wrapper_2').removeClass('gform_validation_error');}setTimeout( function() { \/* delay the scroll by 50 milliseconds to fix a bug in chrome *\/  }, 50 );if(window['gformInitDatepicker']) {gformInitDatepicker();}if(window['gformInitPriceFields']) {gformInitPriceFields();}var current_page = jQuery('#gform_source_page_number_2').val();gformInitSpinner( 2, 'https:\/\/www.caliberhealthplus.com\/wp-content\/plugins\/gravityforms\/images\/spinner.svg', true );jQuery(document).trigger('gform_page_loaded', [2, current_page]);window['gf_submitting_2'] = false;}else if(!is_redirect){var confirmation_content = jQuery(this).contents().find('.GF_AJAX_POSTBACK').html();if(!confirmation_content){confirmation_content = contents;}jQuery('#gform_wrapper_2').replaceWith(confirmation_content);jQuery(document).trigger('gform_confirmation_loaded', [2]);window['gf_submitting_2'] = false;wp.a11y.speak(jQuery('#gform_confirmation_message_2').text());}else{jQuery('#gform_2').append(contents);if(window['gformRedirect']) {gformRedirect();}}jQuery(document).trigger(\"gform_pre_post_render\", [{ formId: \"2\", currentPage: \"current_page\", abort: function() { this.preventDefault(); } }]);                if (event && event.defaultPrevented) {                return;         }        const gformWrapperDiv = document.getElementById( \"gform_wrapper_2\" );        if ( gformWrapperDiv ) {            const visibilitySpan = document.createElement( \"span\" );            visibilitySpan.id = \"gform_visibility_test_2\";            gformWrapperDiv.insertAdjacentElement( \"afterend\", visibilitySpan );        }        const visibilityTestDiv = document.getElementById( \"gform_visibility_test_2\" );        let postRenderFired = false;                function triggerPostRender() {            if ( postRenderFired ) {                return;            }            postRenderFired = true;            jQuery( document ).trigger( 'gform_post_render', [2, current_page] );            gform.utils.trigger( { event: 'gform\/postRender', native: false, data: { formId: 2, currentPage: current_page } } );            gform.utils.trigger( { event: 'gform\/post_render', native: false, data: { formId: 2, currentPage: current_page } } );            if ( visibilityTestDiv ) {                visibilityTestDiv.parentNode.removeChild( visibilityTestDiv );            }        }        function debounce( func, wait, immediate ) {            var timeout;            return function() {                var context = this, args = arguments;                var later = function() {                    timeout = null;                    if ( !immediate ) func.apply( context, args );                };                var callNow = immediate && !timeout;                clearTimeout( timeout );                timeout = setTimeout( later, wait );                if ( callNow ) func.apply( context, args );            };        }        const debouncedTriggerPostRender = debounce( function() {            triggerPostRender();        }, 200 );        if ( visibilityTestDiv && visibilityTestDiv.offsetParent === null ) {            const observer = new MutationObserver( ( mutations ) => {                mutations.forEach( ( mutation ) => {                    if ( mutation.type === 'attributes' && visibilityTestDiv.offsetParent !== null ) {                        debouncedTriggerPostRender();                        observer.disconnect();                    }                });            });            observer.observe( document.body, {                attributes: true,                childList: false,                subtree: true,                attributeFilter: [ 'style', 'class' ],            });        } else {            triggerPostRender();        }    } );} ); \n\/* ]]> *\/\n<\/script>\n\n<h1 style=\"text-align: center;\"><span>\u00bfPORQU\u00c9 ELEGIR CALIBER HEALTH PLUS?<\/span><\/h1>\n<p><span style=\"width: 100%;\"><img loading=\"lazy\" decoding=\"async\" alt=\"\" title=\"careers-money\" data-id=\"602\" src=\"\/\/caliberhealth.wpengine.com\/wp-content\/uploads\/2017\/12\/careers-money.png\" style=\"\" width=\"597\" height=\"417\"><\/span><\/p>\n<h3 style=\"text-align: center;\">COMPENSACI\u00d3N COMPETITIVA<\/h3>\n<p>El personal de Caliber Home Healh Plus recibe una compensaci\u00f3n y un valor competitivo. Estamos vinculados y asegurados y cubrimos a todos los empleados con el seguro de compensaci\u00f3n para trabajadores.<\/p>\n<p>Caliber Home Health Care staff is competitively compensated and valued. We are bonded and insured and cover all employees with workers\u2019 compensation.<span style=\"width: 100%;\"><img loading=\"lazy\" decoding=\"async\" alt=\"\" title=\"careers-rewards\" data-id=\"603\" src=\"\/\/caliberhealth.wpengine.com\/wp-content\/uploads\/2017\/12\/careers-rewards.png\" style=\"\" width=\"597\" height=\"417\"><\/span><\/p>\n<h3 style=\"text-align: center;\">RECOMPENSAS DE APRECIACI\u00d3N PARA EMPLEADOS<\/h3>\n<p>Planificamos eventos de manera peri\u00f3dica para reconocer y recompensar a los empleados amables, emp\u00e1ticos, compasivos y dedicados. \u00a1Los cuidadores son miembros integrales de la familia Caliber Health Plus!<\/p>\n<p>We plan occasional events to acknowledge and reward caring, compassionate and dedicated employees. Caregivers are integral members of the Caliber Home Care family!<span style=\"width: 100%;\"><img loading=\"lazy\" decoding=\"async\" alt=\"\" title=\"careers-training\" data-id=\"604\" src=\"\/\/caliberhealth.wpengine.com\/wp-content\/uploads\/2017\/12\/careers-training.png\" style=\"\" width=\"597\" height=\"417\"><\/span><\/p>\n<h3 style=\"text-align: center;\">DESARROLLO Y CAPACITACI\u00d3N PROFESIONAL<\/h3>\n<p>Ofrecemos a nuestro personal capacitaci\u00f3n y desarrollo profesional a trav\u00e9s de plataformas de aprendizaje en l\u00ednea y en la oficina, para ayudar a mejorar sus habilidades y avanzar en su desarrollo.<\/p>\n<p>We offer our staff professional development and training through online and in-office learning platforms, to help improve their skill sets and advance their development.<span style=\"width: 100%;\"><img loading=\"lazy\" decoding=\"async\" alt=\"\" title=\"careers-awards\" data-id=\"601\" src=\"\/\/caliberhealth.wpengine.com\/wp-content\/uploads\/2017\/12\/careers-awards.png\" style=\"\" width=\"597\" height=\"417\"><\/span><\/p>\n<h3 style=\"text-align: center;\">PREMIOS AL CUIDADOR DEL MES\/A\u00d1O<\/h3>\n<p>Cuando un cuidador demuestra un compromiso excepcional con nuestros clientes, es elegible para los premios Empleado del Mes y Empleado del A\u00f1o, distinciones honorables otorgadas a quienes ejemplifican la visi\u00f3n de \u201cNo dejar atr\u00e1s a nadie que necesite cuidado\u201d.<\/p>\n<p>When a caregiver demonstrates exceptional commitment to our clients, he\/she is eligible for both Employee of the Month and Employee of the Year Awards, honorable distinctions given to those who exemplify the vision to Not Leave Anyone Who Needs Care Behind.<span style=\"width: 100%;\"><img loading=\"lazy\" decoding=\"async\" alt=\"\" title=\"careers-work\" data-id=\"605\" src=\"\/\/caliberhealth.wpengine.com\/wp-content\/uploads\/2017\/12\/careers-work.png\" style=\"\" data-width=\"318\" data-height=\"222\" data-init-width=\"597\" data-init-height=\"417\" width=\"318\" height=\"222\"><\/span><\/p>\n<h3 style=\"text-align: center;\">ENTORNO DE TRABAJO ESTABLE<\/h3>\n<p>Nuestro personal disfruta de horarios regulares, trabajo estable y per\u00edodos de espera m\u00ednimos entre casos. Ofrecemos horarios variables, desde tiempo completo y cuidado en el hogar hasta cuidado por horas, y somos flexibles con su horario de trabajo preferido.<\/p>\n<p>Our staff enjoy regular hours, stable work and minimal waiting periods between cases. We offer variable schedules from full-time, live-in to hourly care, and are flexible with your preferred work schedule.<\/p>\n","protected":false},"excerpt":{"rendered":"<p>Empleos de servicios de cuidado medico en el hogar por horas en Rutherford NJ Caliber Home Health Care es parte de la industria de mayor crecimiento en la naci\u00f3n y estamos buscando los mejores candidatos para servicios de cuidado m\u00e9dico en el hogar por horas para que formen parte de nuestro equipo en expansi\u00f3n en [&hellip;]<\/p>\n","protected":false},"author":3,"featured_media":0,"parent":1167,"menu_order":0,"comment_status":"closed","ping_status":"closed","template":"","meta":{"footnotes":""},"class_list":["post-1285","page","type-page","status-publish","hentry"],"_links":{"self":[{"href":"https:\/\/www.caliberhealthplus.com\/es\/wp-json\/wp\/v2\/pages\/1285","targetHints":{"allow":["GET"]}}],"collection":[{"href":"https:\/\/www.caliberhealthplus.com\/es\/wp-json\/wp\/v2\/pages"}],"about":[{"href":"https:\/\/www.caliberhealthplus.com\/es\/wp-json\/wp\/v2\/types\/page"}],"author":[{"embeddable":true,"href":"https:\/\/www.caliberhealthplus.com\/es\/wp-json\/wp\/v2\/users\/3"}],"replies":[{"embeddable":true,"href":"https:\/\/www.caliberhealthplus.com\/es\/wp-json\/wp\/v2\/comments?post=1285"}],"version-history":[{"count":0,"href":"https:\/\/www.caliberhealthplus.com\/es\/wp-json\/wp\/v2\/pages\/1285\/revisions"}],"up":[{"embeddable":true,"href":"https:\/\/www.caliberhealthplus.com\/es\/wp-json\/wp\/v2\/pages\/1167"}],"wp:attachment":[{"href":"https:\/\/www.caliberhealthplus.com\/es\/wp-json\/wp\/v2\/media?parent=1285"}],"curies":[{"name":"wp","href":"https:\/\/api.w.org\/{rel}","templated":true}]}}