{"id":1162,"date":"2021-07-08T05:21:59","date_gmt":"2021-07-08T09:21:59","guid":{"rendered":"https:\/\/www.caliberhealthplus.com\/?page_id=1162"},"modified":"2021-08-16T17:56:38","modified_gmt":"2021-08-16T21:56:38","slug":"cuidado-personal","status":"publish","type":"page","link":"https:\/\/www.caliberhealthplus.com\/es\/servicios\/cuidado-personal\/","title":{"rendered":"Cuidado Personal"},"content":{"rendered":"<h2><span style=\"text-transform: uppercase;\">CUIDADO PERSONAL<\/span><\/h2>\n<h4><!--StartFragment--><span id=\"docs-internal-guid-36568dc7-7fff-313a-366a-e942fc8e22fc\"><\/span>Cada miembro merece un cuidado confiable, amable y de calidad que venga del coraz\u00f3n. Siempre que uno de nuestros pacientes lo necesite, ah\u00ed estaremos.<\/h4>\n<p>Every member deserves dependable, tender and quality care that comes from the heart.<span><span><a href=\"https:\/\/www.caliberhealthplus.com\/es\/\">Home<\/a><\/span><\/span>\n<h2>PersonalCare<\/h2>\n<h4>Every member deserves dependable, tender and quality care that comes from the heart.<\/h4>\n<p>Every member deserves dependable, tender and quality care that comes from the heart.<\/p>\n<h1 style=\"text-align: center;\">NUESTRAS ENFERMERAS ESPECIALIZADAS BRINDAN EL CUIDADO QUE SU FAMILIA NECESITA<\/h1>\n<p><!--StartFragment--><span id=\"docs-internal-guid-52d996f8-7fff-4a2d-a7f2-ea10e20305a8\"><\/span>Caliber Health Plus ofrece una variedad de servicios de cuidado personal bajo la supervisi\u00f3n directa de una enfermera registrada (RN, por sus siglas en ingl\u00e9s). Las enfermeras son responsables de evaluar y dise\u00f1ar un plan de cuidado personalizado para satisfacer sus necesidades.<\/p>\n<p>Caliber Home Health Care offers an array of personal care services under the direct supervision of a Registered Nurse (RN). Nurses are responsible for assessing and designing a personalized care plan to meet yourneeds.Caliber Home Health Care is here to enrich the lives of loved ones through quality and personalized services. Sustaining an independent yet assisted living arrangement in the comfort of your home, requires a professional and caring alternative. We are committed to providing your loved one the assistance they require to remain at home.Home care with Caliber at home<span style=\"width: 100%;\"><img loading=\"lazy\" decoding=\"async\" alt=\"\" title=\"icon-toothpaste\" data-id=\"439\" src=\"\/\/caliberhealth.wpengine.com\/wp-content\/uploads\/2017\/12\/icon-toothpaste.png\" style=\"\" width=\"162\" height=\"161\"><\/span><\/p>\n<h5 style=\"text-align: center;\">Ba\u00f1o e higiene<\/h5>\n<p>Bathing &amp; Hygiene<span style=\"width: 100%;\"><img loading=\"lazy\" decoding=\"async\" alt=\"\" title=\"icon-meal\" data-id=\"33\" src=\"\/\/caliberhealth.wpengine.com\/wp-content\/uploads\/2017\/12\/icon-meal.png\" style=\"\" width=\"162\" height=\"161\"><\/span><\/p>\n<h5 style=\"text-align: center;\">Preparaci\u00f3n de comidas<\/h5>\n<p>Meal PreparationMeal Preparation &amp; Shopping<span style=\"width: 100%;\"><img loading=\"lazy\" decoding=\"async\" alt=\"\" title=\"icon-towel\" data-id=\"440\" src=\"\/\/caliberhealth.wpengine.com\/wp-content\/uploads\/2017\/12\/icon-towel.png\" style=\"\" width=\"162\" height=\"161\"><\/span><\/p>\n<h5 style=\"text-align: center;\">Servicio de limpieza y lavander\u00eda b\u00e1sicos<\/h5>\n<p>Light Housekeeping and LaundryTherapy &amp; Diabetic Care<span style=\"width: 100%;\"><img loading=\"lazy\" decoding=\"async\" alt=\"\" title=\"icon-heart\" data-id=\"445\" src=\"\/\/caliberhealth.wpengine.com\/wp-content\/uploads\/2017\/12\/icon-heart.png\" style=\"\" width=\"162\" height=\"161\"><\/span><\/p>\n<h5 style=\"text-align: center;\">Acompa\u00f1amiento<\/h5>\n<p>Companionship24-Hour Assisted Living<span style=\"width: 100%;\"><img loading=\"lazy\" decoding=\"async\" alt=\"\" title=\"icon-medicine\" data-id=\"438\" src=\"\/\/caliberhealth.wpengine.com\/wp-content\/uploads\/2017\/12\/icon-medicine.png\" style=\"\" width=\"162\" height=\"161\"><\/span><\/p>\n<h5 style=\"text-align: center;\">Recordatorios de medicamentos<\/h5>\n<p>Medication RemindersTransportation ServicesMeal Preparation &amp; Shopping<span style=\"width: 100%;\"><img loading=\"lazy\" decoding=\"async\" alt=\"\" title=\"icon-baby\" data-id=\"434\" src=\"\/\/caliberhealth.wpengine.com\/wp-content\/uploads\/2017\/12\/icon-baby.png\" style=\"\" width=\"162\" height=\"161\"><\/span><\/p>\n<h5 style=\"text-align: center;\">Cuidado de beb\u00e9s y ni\u00f1os para nuevas madres<\/h5>\n<p>Infant &amp; Child Care for New MothersDisease Care &amp; TreatmentsTherapy &amp; Diabetic Care<\/p>\n<h4>Un personal dedicado realizar\u00e1 rutinas diarias para el paciente<\/h4>\n<p>A dedicated staff to make your daily routines simplierCare at your child&#8217;s school or at home 24 hours a day. <\/p>\n<ul>\n<li style=\"\"><span style=\"\">Ba\u00f1ar, acicalar, asear despu\u00e9s de usar el inodoro, higiene general, alimentaci\u00f3n, vestimenta y ambulaci\u00f3n<\/span>Bathing, Grooming, Toileting, Hygiene, Feeding, &nbsp;&nbsp;&nbsp;&nbsp; Dressing, and Ambulation\u2022&nbsp;&nbsp; Accompany a medically complex child to school<\/li>\n<li style=\"\"><span style=\"\">Servicios de transporte a citas m\u00e9dicas y\/o de terapia<\/span>Transportation Services to Doctors or TherapyBi-Pap \/ C-Pap\u2022&nbsp;&nbsp; Accompany a medically complex child to school<\/li>\n<li style=\"\"><span style=\"\">Compras de comestibles<\/span>Grocery ShoppingCardiac DisordersBi-Pap \/ C-Pap\u2022&nbsp;&nbsp; Accompany a medically complex child to school<\/li>\n<li style=\"\"><span style=\"\">Ayudar con reg\u00edmenes de ejercicio\/rango de movimiento<\/span>Assist with Exercise Regimens\/Range of MotionWound CareCardiac DisordersBi-Pap \/ C-Pap\u2022&nbsp;&nbsp; Accompany a medically complex child to school<\/li>\n<\/ul>\n<ul>\n<li style=\"\"><span style=\"\">Asistencia despu\u00e9s de la alta del hospital<\/span>Assistance Upon Discharge from HospitalNursing Care for developmentally delayed children\u2022&nbsp;&nbsp; Accompany a medically complex child to school<\/li>\n<li style=\"\"><span style=\"\">Transferencias seguras y prevenci\u00f3n de lesiones<\/span>Safe transfers and injury preventionInjectionsBi-Pap \/ C-Pap\u2022&nbsp;&nbsp; Accompany a medically complex child to school<\/li>\n<li style=\"\"><span style=\"\">\u201cTuck in Service\u201d: ayuda a los pacientes con la preparaci\u00f3n a la hora de dormir<\/span>\u00abTuck in Service\u00bb &#8211; assisting patients with bedtime prep.Trauma Nursing CareCardiac DisordersBi-Pap \/ C-Pap\u2022&nbsp;&nbsp; Accompany a medically complex child to school<\/li>\n<li style=\"\"><span style=\"\">Cuidado de relevo<\/span>Respite CarePersonal CareTrauma Nursing CareCardiac DisordersBi-Pap \/ C-Pap\u2022&nbsp;&nbsp; Accompany a medically complex child to school<\/li>\n<\/ul>\n<h4 style=\"text-align: center;\"><span style=\"font-size: 19px;\">Aceptamos la mayor\u00eda de los planes de seguros privados, as\u00ed como empresas administradas de Medicaid, Medicaid regular, beneficios para veteranos y otros programas estatales gubernamentales en Nueva Jersey.<\/span><\/h4>\n<p>We accept most private insurance plans, as well as Managed Medicaid companies, Medicaid, Veteran&#8217;s Benefits and other governmental State programs in New Jersey. <\/p>\n<h2>SERVICIOS DE CUIDADO PERSONAL<\/h2>\n<p>Personal Care Services<\/p>\n<p><!--StartFragment--><span id=\"docs-internal-guid-bb30711b-7fff-375c-3e50-f7525938dfe9\">Usted no tiene que estar solo. Estamos aqu\u00ed para ayudar. Ya sea para jugar a las damas, preparar su comida favorita o ayudar a limpiar, le brindaremos la asistencia y la compa\u00f1\u00eda necesarios.<\/span><\/p>\n<p>You dont have to be alone. We are here to help. Whether it is to play a game of checkers, rummy or even help you prepare your favorite meal, we believe that you should not be alone.Case managers work with your child&#8217;s hospital discharge planner to ensure that all Physician orders and appropriate equipment is in place for the transition to home while maintaining an orderly and coordinated discharge process for your family. <\/p>\n<h2>Personal Care Services<\/h2>\n<p>Personal Care Services<\/p>\n<p>Y<!--StartFragment--><span id=\"docs-internal-guid-bb30711b-7fff-375c-3e50-f7525938dfe9\">ou don&#8217;t have to be alone. We are here to help. Whether it is to play a game of checkers,&nbsp;<\/span>prepare your favorite meal, or help clean we\u2019ll provide the assistance &amp; companionship needed<!--EndFragment-->.<\/p>\n<p>You dont have to be alone. We are here to help. Whether it is to play a game of checkers, rummy or even help you prepare your favorite meal, we believe that you should not be alone.Case managers work with your child&#8217;s hospital discharge planner to ensure that all Physician orders and appropriate equipment is in place for the transition to home while maintaining an orderly and coordinated discharge process for your family. <\/p>\n<h2 style=\"text-align: center;\">\u201cA medida que mi abuela envejec\u00eda, se dio cuenta de que necesitaba ayuda para hacer las tareas diarias. Contratamos a un asistente de Caliber para que la ayudara a ba\u00f1arse, cocinar y limpiar la casa. Nuestra familia vive lejos, \u00a1as\u00ed que somos afortunados de que est\u00e9 en excelente compa\u00f1\u00eda!\u201d<\/h2>\n<h5 style=\"text-align: center;\">SARA W., Nueva Jersey<\/h5>\n<p>Caliber Home Health Care is here to enrich the lives of loved ones through quality and personalized services. Sustaining an independent yet assisted living arrangement in the comfort of your home, requires a professional and caring alternative. We are committed to providing your loved one the assistance they require to remain at home.Home care with Caliber at home<\/p>\n<h4 style=\"text-align: center;\">\u00bfLISTO PARA SOLICITAR SERVICIOS DE CUIDADO?<\/h4>\n<p>Ready to Request Care?<\/p>\n<h4 style=\"text-align: center;\">LLAME AL 1-844-515-1983, 24 horas al d\u00eda, 7 d\u00edas a la semana<\/h4>\n<p>&nbsp;1-844-515-1983<\/p>\n","protected":false},"excerpt":{"rendered":"<p>CUIDADO PERSONAL Cada miembro merece un cuidado confiable, amable y de calidad que venga del coraz\u00f3n. Siempre que uno de nuestros pacientes lo necesite, ah\u00ed estaremos. Every member deserves dependable, tender and quality care that comes from the heart. PersonalCare Every member deserves dependable, tender and quality care that comes from the heart. Every member [&hellip;]<\/p>\n","protected":false},"author":3,"featured_media":0,"parent":1175,"menu_order":0,"comment_status":"closed","ping_status":"closed","template":"","meta":{"footnotes":""},"class_list":["post-1162","page","type-page","status-publish","hentry"],"_links":{"self":[{"href":"https:\/\/www.caliberhealthplus.com\/es\/wp-json\/wp\/v2\/pages\/1162","targetHints":{"allow":["GET"]}}],"collection":[{"href":"https:\/\/www.caliberhealthplus.com\/es\/wp-json\/wp\/v2\/pages"}],"about":[{"href":"https:\/\/www.caliberhealthplus.com\/es\/wp-json\/wp\/v2\/types\/page"}],"author":[{"embeddable":true,"href":"https:\/\/www.caliberhealthplus.com\/es\/wp-json\/wp\/v2\/users\/3"}],"replies":[{"embeddable":true,"href":"https:\/\/www.caliberhealthplus.com\/es\/wp-json\/wp\/v2\/comments?post=1162"}],"version-history":[{"count":0,"href":"https:\/\/www.caliberhealthplus.com\/es\/wp-json\/wp\/v2\/pages\/1162\/revisions"}],"up":[{"embeddable":true,"href":"https:\/\/www.caliberhealthplus.com\/es\/wp-json\/wp\/v2\/pages\/1175"}],"wp:attachment":[{"href":"https:\/\/www.caliberhealthplus.com\/es\/wp-json\/wp\/v2\/media?parent=1162"}],"curies":[{"name":"wp","href":"https:\/\/api.w.org\/{rel}","templated":true}]}}